{"id":10,"date":"2017-06-11T23:27:50","date_gmt":"2017-06-11T21:27:50","guid":{"rendered":"http:\/\/www.starsofthegalaxy.de\/?page_id=10"},"modified":"2018-06-06T11:07:47","modified_gmt":"2018-06-06T09:07:47","slug":"shop","status":"publish","type":"page","link":"https:\/\/www.starsofthegalaxy.de\/en\/shop\/","title":{"rendered":"Shop"},"content":{"rendered":"<p><div class=\"fusion-fullwidth fullwidth-box fusion-builder-row-1 fusion-flex-container hundred-percent-fullwidth non-hundred-percent-height-scrolling\" style=\"--awb-border-radius-top-left:0px;--awb-border-radius-top-right:0px;--awb-border-radius-bottom-right:0px;--awb-border-radius-bottom-left:0px;--awb-padding-top:0px;--awb-padding-right:0px;--awb-padding-left:0px;--awb-margin-top:0px;--awb-margin-bottom:2%;--awb-flex-wrap:wrap;\" ><div class=\"fusion-builder-row fusion-row fusion-flex-align-items-flex-start fusion-flex-content-wrap\" style=\"width:calc( 100% + 0px ) !important;max-width:calc( 100% + 0px ) !important;margin-left: calc(-0px \/ 2 );margin-right: calc(-0px \/ 2 );\"><div class=\"fusion-layout-column fusion_builder_column fusion-builder-column-0 fusion_builder_column_1_1 1_1 fusion-flex-column\" style=\"--awb-bg-size:cover;--awb-width-large:100%;--awb-margin-top-large:0px;--awb-spacing-right-large:0px;--awb-margin-bottom-large:0px;--awb-spacing-left-large:0px;--awb-width-medium:100%;--awb-spacing-right-medium:0px;--awb-spacing-left-medium:0px;--awb-width-small:100%;--awb-spacing-right-small:0px;--awb-spacing-left-small:0px;\"><div class=\"fusion-column-wrapper fusion-flex-justify-content-flex-start fusion-content-layout-column\"><div class=\"fusion-image-element \" style=\"text-align:center;--awb-caption-title-font-family:var(--h2_typography-font-family);--awb-caption-title-font-weight:var(--h2_typography-font-weight);--awb-caption-title-font-style:var(--h2_typography-font-style);--awb-caption-title-size:var(--h2_typography-font-size);--awb-caption-title-transform:var(--h2_typography-text-transform);--awb-caption-title-line-height:var(--h2_typography-line-height);--awb-caption-title-letter-spacing:var(--h2_typography-letter-spacing);\"><span class=\" fusion-imageframe imageframe-none imageframe-1 hover-type-none\"><img decoding=\"async\" width=\"2000\" height=\"300\" title=\"header_shop\" src=\"http:\/\/www.starsofthegalaxy.de\/wp-content\/uploads\/2018\/06\/header_shop2.jpg\" alt class=\"img-responsive wp-image-122\"\/><\/span><\/div><\/div><\/div><\/div><\/div><div class=\"fusion-fullwidth fullwidth-box fusion-builder-row-2 fusion-flex-container nonhundred-percent-fullwidth non-hundred-percent-height-scrolling\" style=\"--awb-border-radius-top-left:0px;--awb-border-radius-top-right:0px;--awb-border-radius-bottom-right:0px;--awb-border-radius-bottom-left:0px;--awb-flex-wrap:wrap;\" ><div class=\"fusion-builder-row fusion-row fusion-flex-align-items-flex-start fusion-flex-content-wrap\" style=\"max-width:1331.2px;margin-left: calc(-4% \/ 2 );margin-right: calc(-4% \/ 2 );\"><div class=\"fusion-layout-column fusion_builder_column fusion-builder-column-1 fusion_builder_column_1_6 1_6 fusion-flex-column\" style=\"--awb-bg-size:cover;--awb-width-large:16.666666666667%;--awb-margin-top-large:0px;--awb-spacing-right-large:11.52%;--awb-margin-bottom-large:20px;--awb-spacing-left-large:11.52%;--awb-width-medium:16.666666666667%;--awb-spacing-right-medium:11.52%;--awb-spacing-left-medium:11.52%;--awb-width-small:100%;--awb-spacing-right-small:1.92%;--awb-spacing-left-small:1.92%;\"><div class=\"fusion-column-wrapper fusion-flex-justify-content-flex-start fusion-content-layout-column\"><\/div><\/div><div class=\"fusion-layout-column fusion_builder_column fusion-builder-column-2 fusion_builder_column_2_3 2_3 fusion-flex-column\" style=\"--awb-bg-size:cover;--awb-width-large:66.666666666667%;--awb-margin-top-large:0px;--awb-spacing-right-large:2.88%;--awb-margin-bottom-large:20px;--awb-spacing-left-large:2.88%;--awb-width-medium:66.666666666667%;--awb-spacing-right-medium:2.88%;--awb-spacing-left-medium:2.88%;--awb-width-small:100%;--awb-spacing-right-small:1.92%;--awb-spacing-left-small:1.92%;\"><div class=\"fusion-column-wrapper fusion-flex-justify-content-flex-start fusion-content-layout-column\"><div class=\"fusion-text fusion-text-1\"><h3 style=\"text-align: center;\">Quer durch die Galaxis.<\/h3>\n<h1 style=\"text-align: center;\"><strong>Zum Shoppen.<\/strong><\/h1>\n<p>In unserem Shop werden auch Hartgesottene weich. Denn hier gibt es noch echte Sch\u00e4tze zu entdecken. Wir haben zum Beispiel seltene Sammlerfiguren von Sideshow, Hot Toys und Hasbro. \u00a0Aber auch Highlights wie limitierte Star-Wars-Schuhe von Adidas, Star-Wars-Jacken von Marc Ecko und Adidas oder T-Shirts passend zum Thema. \u00a0Dazu gesellen sich Stormtrooper-Helme, Nerf-Guns, Gesellschaftsspiele und Star-Wars-Figuren in allen Gr\u00f6\u00dfen. Kost\u00fcme und Kunst, die sich um unsere galaktischen und intergalaktischen Stars dreht, haben wir ebenso im Portfolio wie B\u00fccher, Comics und vieles mehr!<\/p>\n<p>Schaut vorbei, in unserem Shop schl\u00e4gt so manches Shopping-Herz h\u00f6her. Ob kindlicher oder erwachsener Fan, wir bringen Augen zum Leuchten. Und zwar ganz ohne Laser.<\/p>\n<\/div><\/div><\/div><div class=\"fusion-layout-column fusion_builder_column fusion-builder-column-3 fusion_builder_column_1_6 1_6 fusion-flex-column\" style=\"--awb-bg-size:cover;--awb-width-large:16.666666666667%;--awb-margin-top-large:0px;--awb-spacing-right-large:11.52%;--awb-margin-bottom-large:20px;--awb-spacing-left-large:11.52%;--awb-width-medium:16.666666666667%;--awb-spacing-right-medium:11.52%;--awb-spacing-left-medium:11.52%;--awb-width-small:100%;--awb-spacing-right-small:1.92%;--awb-spacing-left-small:1.92%;\"><div class=\"fusion-column-wrapper fusion-flex-justify-content-flex-start fusion-content-layout-column\"><\/div><\/div><\/div><\/div><div class=\"fusion-fullwidth fullwidth-box fusion-builder-row-3 fusion-flex-container hundred-percent-fullwidth non-hundred-percent-height-scrolling\" style=\"--awb-border-radius-top-left:0px;--awb-border-radius-top-right:0px;--awb-border-radius-bottom-right:0px;--awb-border-radius-bottom-left:0px;--awb-flex-wrap:wrap;\" ><div class=\"fusion-builder-row fusion-row fusion-flex-align-items-flex-start fusion-flex-content-wrap\" style=\"width:calc( 100% + 0px ) !important;max-width:calc( 100% + 0px ) !important;margin-left: calc(-0px \/ 2 );margin-right: calc(-0px \/ 2 );\"><div class=\"fusion-layout-column fusion_builder_column fusion-builder-column-4 fusion_builder_column_1_1 1_1 fusion-flex-column\" style=\"--awb-bg-size:cover;--awb-width-large:100%;--awb-margin-top-large:0px;--awb-spacing-right-large:0px;--awb-margin-bottom-large:20px;--awb-spacing-left-large:0px;--awb-width-medium:100%;--awb-spacing-right-medium:0px;--awb-spacing-left-medium:0px;--awb-width-small:100%;--awb-spacing-right-small:0px;--awb-spacing-left-small:0px;\"><div class=\"fusion-column-wrapper fusion-flex-justify-content-flex-start fusion-content-layout-column\"><div class=\"fusion-image-carousel fusion-image-carousel-auto fusion-image-carousel-1 lightbox-enabled fusion-carousel-border\"><div class=\"awb-carousel awb-swiper awb-swiper-carousel\" data-autoplay=\"no\" data-columns=\"5\" data-itemmargin=\"8\" data-itemwidth=\"180\" data-touchscroll=\"no\" data-imagesize=\"auto\" style=\"--awb-column-spacing:8px;\"><div class=\"swiper-wrapper awb-image-carousel-wrapper fusion-flex-align-items-center\"><div class=\"swiper-slide\"><div class=\"fusion-carousel-item-wrapper\"><div class=\"fusion-image-wrapper hover-type-none\"><a data-rel=\"iLightbox[image_carousel_1]\" href=\"http:\/\/www.starsofthegalaxy.de\/wp-content\/uploads\/2017\/06\/shop_01.jpg\" target=\"_self\"><img decoding=\"async\" src=\"http:\/\/www.starsofthegalaxy.de\/wp-content\/uploads\/2017\/06\/shop_01.jpg\" alt=\"\"\/><\/a><\/div><\/div><\/div><div class=\"swiper-slide\"><div class=\"fusion-carousel-item-wrapper\"><div class=\"fusion-image-wrapper hover-type-none\"><a data-rel=\"iLightbox[image_carousel_1]\" href=\"http:\/\/www.starsofthegalaxy.de\/wp-content\/uploads\/2017\/06\/shop_04.jpg\" target=\"_self\"><img decoding=\"async\" src=\"http:\/\/www.starsofthegalaxy.de\/wp-content\/uploads\/2017\/06\/shop_04.jpg\" alt=\"\"\/><\/a><\/div><\/div><\/div><div class=\"swiper-slide\"><div class=\"fusion-carousel-item-wrapper\"><div class=\"fusion-image-wrapper hover-type-none\"><a data-rel=\"iLightbox[image_carousel_1]\" href=\"http:\/\/www.starsofthegalaxy.de\/wp-content\/uploads\/2018\/01\/shop_07.jpg\" target=\"_self\"><img decoding=\"async\" src=\"http:\/\/www.starsofthegalaxy.de\/wp-content\/uploads\/2018\/01\/shop_07.jpg\" alt=\"\"\/><\/a><\/div><\/div><\/div><div class=\"swiper-slide\"><div class=\"fusion-carousel-item-wrapper\"><div class=\"fusion-image-wrapper hover-type-none\"><a data-rel=\"iLightbox[image_carousel_1]\" href=\"http:\/\/www.starsofthegalaxy.de\/wp-content\/uploads\/2018\/01\/shop_08.jpg\" target=\"_self\"><img decoding=\"async\" src=\"http:\/\/www.starsofthegalaxy.de\/wp-content\/uploads\/2018\/01\/shop_08.jpg\" alt=\"\"\/><\/a><\/div><\/div><\/div><div class=\"swiper-slide\"><div class=\"fusion-carousel-item-wrapper\"><div class=\"fusion-image-wrapper hover-type-none\"><a data-rel=\"iLightbox[image_carousel_1]\" href=\"http:\/\/www.starsofthegalaxy.de\/wp-content\/uploads\/2018\/01\/shop_06.jpg\" target=\"_self\"><img decoding=\"async\" src=\"http:\/\/www.starsofthegalaxy.de\/wp-content\/uploads\/2018\/01\/shop_06.jpg\" alt=\"\"\/><\/a><\/div><\/div><\/div><\/div><div class=\"awb-swiper-button awb-swiper-button-prev\"><i class=\"awb-icon-angle-left\" aria-hidden=\"true\"><\/i><\/div><div class=\"awb-swiper-button awb-swiper-button-next\"><i class=\"awb-icon-angle-right\" aria-hidden=\"true\"><\/i><\/div><\/div><\/div><\/div><\/div><\/div><\/div><\/p>\n","protected":false},"excerpt":{"rendered":"","protected":false},"author":1,"featured_media":0,"parent":0,"menu_order":7,"comment_status":"closed","ping_status":"closed","template":"100-width.php","meta":{"footnotes":""},"class_list":["post-10","page","type-page","status-publish","hentry"],"yoast_head":"<!-- This site is optimized with the Yoast SEO plugin v23.4 - https:\/\/yoast.com\/wordpress\/plugins\/seo\/ -->\n<title>Shop - Stars of the Galaxy | Tritt ein in eine andere Welt<\/title>\n<meta name=\"robots\" content=\"index, follow, max-snippet:-1, max-image-preview:large, max-video-preview:-1\" \/>\n<link rel=\"canonical\" href=\"https:\/\/www.starsofthegalaxy.de\/en\/shop\/\" \/>\n<meta property=\"og:locale\" content=\"en_GB\" \/>\n<meta property=\"og:type\" content=\"article\" \/>\n<meta property=\"og:title\" content=\"Shop - Stars of the Galaxy | Tritt ein in eine andere Welt\" \/>\n<meta property=\"og:url\" content=\"https:\/\/www.starsofthegalaxy.de\/en\/shop\/\" \/>\n<meta property=\"og:site_name\" content=\"Stars of the Galaxy | Tritt ein in eine andere Welt\" \/>\n<meta property=\"article:modified_time\" content=\"2018-06-06T09:07:47+00:00\" \/>\n<meta name=\"twitter:card\" content=\"summary_large_image\" \/>\n<meta name=\"twitter:label1\" content=\"Estimated reading time\" \/>\n\t<meta name=\"twitter:data1\" content=\"4 minutes\" \/>\n<script type=\"application\/ld+json\" class=\"yoast-schema-graph\">{\"@context\":\"https:\/\/schema.org\",\"@graph\":[{\"@type\":\"WebPage\",\"@id\":\"https:\/\/www.starsofthegalaxy.de\/shop\/\",\"url\":\"https:\/\/www.starsofthegalaxy.de\/shop\/\",\"name\":\"Shop - Stars of the Galaxy | Tritt ein in eine andere Welt\",\"isPartOf\":{\"@id\":\"https:\/\/www.starsofthegalaxy.de\/#website\"},\"datePublished\":\"2017-06-11T21:27:50+00:00\",\"dateModified\":\"2018-06-06T09:07:47+00:00\",\"breadcrumb\":{\"@id\":\"https:\/\/www.starsofthegalaxy.de\/shop\/#breadcrumb\"},\"inLanguage\":\"en-GB\",\"potentialAction\":[{\"@type\":\"ReadAction\",\"target\":[\"https:\/\/www.starsofthegalaxy.de\/shop\/\"]}]},{\"@type\":\"BreadcrumbList\",\"@id\":\"https:\/\/www.starsofthegalaxy.de\/shop\/#breadcrumb\",\"itemListElement\":[{\"@type\":\"ListItem\",\"position\":1,\"name\":\"Startseite\",\"item\":\"https:\/\/www.starsofthegalaxy.de\/\"},{\"@type\":\"ListItem\",\"position\":2,\"name\":\"Shop\"}]},{\"@type\":\"WebSite\",\"@id\":\"https:\/\/www.starsofthegalaxy.de\/#website\",\"url\":\"https:\/\/www.starsofthegalaxy.de\/\",\"name\":\"Stars of the Galaxy | Tritt ein in eine andere Welt\",\"description\":\"\",\"potentialAction\":[{\"@type\":\"SearchAction\",\"target\":{\"@type\":\"EntryPoint\",\"urlTemplate\":\"https:\/\/www.starsofthegalaxy.de\/?s={search_term_string}\"},\"query-input\":{\"@type\":\"PropertyValueSpecification\",\"valueRequired\":true,\"valueName\":\"search_term_string\"}}],\"inLanguage\":\"en-GB\"}]}<\/script>\n<!-- \/ Yoast SEO plugin. -->","yoast_head_json":{"title":"Shop - Stars of the Galaxy | Tritt ein in eine andere Welt","robots":{"index":"index","follow":"follow","max-snippet":"max-snippet:-1","max-image-preview":"max-image-preview:large","max-video-preview":"max-video-preview:-1"},"canonical":"https:\/\/www.starsofthegalaxy.de\/en\/shop\/","og_locale":"en_GB","og_type":"article","og_title":"Shop - Stars of the Galaxy | Tritt ein in eine andere Welt","og_url":"https:\/\/www.starsofthegalaxy.de\/en\/shop\/","og_site_name":"Stars of the Galaxy | Tritt ein in eine andere Welt","article_modified_time":"2018-06-06T09:07:47+00:00","twitter_card":"summary_large_image","twitter_misc":{"Estimated reading time":"4 minutes"},"schema":{"@context":"https:\/\/schema.org","@graph":[{"@type":"WebPage","@id":"https:\/\/www.starsofthegalaxy.de\/shop\/","url":"https:\/\/www.starsofthegalaxy.de\/shop\/","name":"Shop - Stars of the Galaxy | Tritt ein in eine andere Welt","isPartOf":{"@id":"https:\/\/www.starsofthegalaxy.de\/#website"},"datePublished":"2017-06-11T21:27:50+00:00","dateModified":"2018-06-06T09:07:47+00:00","breadcrumb":{"@id":"https:\/\/www.starsofthegalaxy.de\/shop\/#breadcrumb"},"inLanguage":"en-GB","potentialAction":[{"@type":"ReadAction","target":["https:\/\/www.starsofthegalaxy.de\/shop\/"]}]},{"@type":"BreadcrumbList","@id":"https:\/\/www.starsofthegalaxy.de\/shop\/#breadcrumb","itemListElement":[{"@type":"ListItem","position":1,"name":"Startseite","item":"https:\/\/www.starsofthegalaxy.de\/"},{"@type":"ListItem","position":2,"name":"Shop"}]},{"@type":"WebSite","@id":"https:\/\/www.starsofthegalaxy.de\/#website","url":"https:\/\/www.starsofthegalaxy.de\/","name":"Stars of the Galaxy | Step into another world","description":"","potentialAction":[{"@type":"SearchAction","target":{"@type":"EntryPoint","urlTemplate":"https:\/\/www.starsofthegalaxy.de\/?s={search_term_string}"},"query-input":{"@type":"PropertyValueSpecification","valueRequired":true,"valueName":"search_term_string"}}],"inLanguage":"en-GB"}]}},"_links":{"self":[{"href":"https:\/\/www.starsofthegalaxy.de\/en\/wp-json\/wp\/v2\/pages\/10"}],"collection":[{"href":"https:\/\/www.starsofthegalaxy.de\/en\/wp-json\/wp\/v2\/pages"}],"about":[{"href":"https:\/\/www.starsofthegalaxy.de\/en\/wp-json\/wp\/v2\/types\/page"}],"author":[{"embeddable":true,"href":"https:\/\/www.starsofthegalaxy.de\/en\/wp-json\/wp\/v2\/users\/1"}],"replies":[{"embeddable":true,"href":"https:\/\/www.starsofthegalaxy.de\/en\/wp-json\/wp\/v2\/comments?post=10"}],"version-history":[{"count":15,"href":"https:\/\/www.starsofthegalaxy.de\/en\/wp-json\/wp\/v2\/pages\/10\/revisions"}],"predecessor-version":[{"id":378,"href":"https:\/\/www.starsofthegalaxy.de\/en\/wp-json\/wp\/v2\/pages\/10\/revisions\/378"}],"wp:attachment":[{"href":"https:\/\/www.starsofthegalaxy.de\/en\/wp-json\/wp\/v2\/media?parent=10"}],"curies":[{"name":"wp","href":"https:\/\/api.w.org\/{rel}","templated":true}]}}