{"id":18,"date":"2017-06-11T23:31:08","date_gmt":"2017-06-11T21:31:08","guid":{"rendered":"http:\/\/www.starsofthegalaxy.de\/?page_id=18"},"modified":"2017-07-19T23:22:26","modified_gmt":"2017-07-19T21:22:26","slug":"impressum","status":"publish","type":"page","link":"https:\/\/www.starsofthegalaxy.de\/en\/impressum\/","title":{"rendered":"Imprint"},"content":{"rendered":"<h2><strong>Imprint<\/strong><\/h2>\n<p><strong>Film characters exhibition<\/strong><\/p>\n<p>Thomas Manglitz<br \/>\nBerliner Platz 10<br \/>\nD-41061 M\u00f6nchengladbach<br \/>\nPhone: 0 21 61 - 406 37 90<\/p>\n<p>&nbsp;<\/p>\n<p><strong>Content of the online offer<br \/>\n<\/strong>Thomas Manglitz assumes no liability for the topicality, correctness, completeness or quality of the information provided. Liability claims against the author relating to material or non-material damage caused by the use or non-use of the information provided or by the use of incorrect or incomplete information are fundamentally excluded, unless there is evidence of wilful intent or gross negligence on the part of Thomas Manglitz. Thomas Manglitz expressly reserves the right to change, supplement or delete parts of the pages or the entire offer without prior notice or to temporarily or permanently cease publication.<\/p>\n<p>&nbsp;<\/p>\n<p><strong>References and links<br \/>\n<\/strong>Thomas Manglitz is not responsible for any contents linked or referred to from his pages - unless he has full knowledge of illegal contents and would be able to prevent the visitors of his site from viewing those pages. Thomas Manglitz therefore expressly declares that the linked pages were free of illegal content at the time the links were created. Thomas Manglitz has no influence whatsoever on the current and future design and content of the linked pages. Therefore, Thomas Manglitz hereby expressly distances himself from all contents of all linked pages that were changed after the link was created. This statement applies to all links and references set within Thomas Manglitz's own website as well as to third-party entries in forums and top lists set up by Thomas Manglitz. For illegal, incorrect or incomplete contents and in particular for damages resulting from the use or non-use of such information, only the provider of the page to which reference is made is liable, not the person who merely refers to the respective publication via links.<\/p>\n<p>&nbsp;<\/p>\n<p><strong>Copyright and labelling law<br \/>\n<\/strong>Thomas Manglitz endeavours to observe the copyrights of the graphics, sound documents, video sequences and texts used in all publications, to use graphics, sound documents, video sequences and texts created by himself or to use licence-free graphics, sound documents, video sequences and texts. All brands and trademarks mentioned within the Internet offer and possibly protected by third parties are subject without restriction to the provisions of the applicable trademark law and the ownership rights of the respective registered owners. The mere mention of a trade mark does not imply that it is not protected by third-party rights! The copyright for published objects created by the author himself remains solely with the author of the pages. Reproduction or use of such graphics, sound documents, video sequences and texts in other electronic or printed publications is not permitted without the express consent of Thomas Manglitz.<\/p>\n<p>&nbsp;<\/p>\n<p><strong>Data protection<br \/>\n<\/strong>If the opportunity for the input of personal or business data (email addresses, name, addresses) is given, the input of these data takes place voluntarily. The use and payment of all services offered is - as far as technically possible and reasonable - also permitted without entering such data or by entering anonymised data or a pseudonym.<\/p>\n<p>&nbsp;<\/p>\n<p><strong>Legal validity of this disclaimer<br \/>\n<\/strong>This disclaimer is to be regarded as part of the internet publication which you were referred from. If sections or individual terms of this statement are not legal or correct, the content or validity of the other parts remain uninfluenced by this fact.<\/p>","protected":false},"excerpt":{"rendered":"<p>Impressum Filmfiguren Ausstellung Thomas Manglitz Berliner Platz 10 D-41061 M\u00f6nchengladbach Telefon: 0 21 61 \u2013 406 37 90 &nbsp; Inhalt des Onlineangebotes Thomas Manglitz \u00fcbernimmt keinerlei Gew\u00e4hr f\u00fcr die Aktualit\u00e4t, Korrektheit,Vollst\u00e4ndigkeit oder Qualit\u00e4t der bereitgestellten Informationen. Haftungsanspr\u00fcche gegen den Autor, welche sich auf Sch\u00e4den materieller oderideeller Art beziehen, die durch die Nutzung oder Nichtnutzung der [&hellip;]<\/p>\n","protected":false},"author":1,"featured_media":0,"parent":0,"menu_order":13,"comment_status":"closed","ping_status":"closed","template":"","meta":{"footnotes":""},"class_list":["post-18","page","type-page","status-publish","hentry"],"yoast_head":"<!-- This site is optimized with the Yoast SEO plugin v23.4 - https:\/\/yoast.com\/wordpress\/plugins\/seo\/ -->\n<title>Impressum - Stars of the Galaxy | Tritt ein in eine andere Welt<\/title>\n<meta name=\"robots\" content=\"index, follow, max-snippet:-1, max-image-preview:large, max-video-preview:-1\" \/>\n<link rel=\"canonical\" href=\"https:\/\/www.starsofthegalaxy.de\/en\/impressum\/\" \/>\n<meta property=\"og:locale\" content=\"en_GB\" \/>\n<meta property=\"og:type\" content=\"article\" \/>\n<meta property=\"og:title\" content=\"Impressum - Stars of the Galaxy | Tritt ein in eine andere Welt\" \/>\n<meta property=\"og:description\" content=\"Impressum Filmfiguren Ausstellung Thomas Manglitz Berliner Platz 10 D-41061 M\u00f6nchengladbach Telefon: 0 21 61 \u2013 406 37 90 &nbsp; Inhalt des Onlineangebotes Thomas Manglitz \u00fcbernimmt keinerlei Gew\u00e4hr f\u00fcr die Aktualit\u00e4t, Korrektheit,Vollst\u00e4ndigkeit oder Qualit\u00e4t der bereitgestellten Informationen. Haftungsanspr\u00fcche gegen den Autor, welche sich auf Sch\u00e4den materieller oderideeller Art beziehen, die durch die Nutzung oder Nichtnutzung der [&hellip;]\" \/>\n<meta property=\"og:url\" content=\"https:\/\/www.starsofthegalaxy.de\/en\/impressum\/\" \/>\n<meta property=\"og:site_name\" content=\"Stars of the Galaxy | Tritt ein in eine andere Welt\" \/>\n<meta property=\"article:modified_time\" content=\"2017-07-19T21:22:26+00:00\" \/>\n<meta name=\"twitter:card\" content=\"summary_large_image\" \/>\n<meta name=\"twitter:label1\" content=\"Estimated reading time\" \/>\n\t<meta name=\"twitter:data1\" content=\"3 minutes\" \/>\n<script type=\"application\/ld+json\" class=\"yoast-schema-graph\">{\"@context\":\"https:\/\/schema.org\",\"@graph\":[{\"@type\":\"WebPage\",\"@id\":\"https:\/\/www.starsofthegalaxy.de\/impressum\/\",\"url\":\"https:\/\/www.starsofthegalaxy.de\/impressum\/\",\"name\":\"Impressum - Stars of the Galaxy | Tritt ein in eine andere Welt\",\"isPartOf\":{\"@id\":\"https:\/\/www.starsofthegalaxy.de\/#website\"},\"datePublished\":\"2017-06-11T21:31:08+00:00\",\"dateModified\":\"2017-07-19T21:22:26+00:00\",\"breadcrumb\":{\"@id\":\"https:\/\/www.starsofthegalaxy.de\/impressum\/#breadcrumb\"},\"inLanguage\":\"en-GB\",\"potentialAction\":[{\"@type\":\"ReadAction\",\"target\":[\"https:\/\/www.starsofthegalaxy.de\/impressum\/\"]}]},{\"@type\":\"BreadcrumbList\",\"@id\":\"https:\/\/www.starsofthegalaxy.de\/impressum\/#breadcrumb\",\"itemListElement\":[{\"@type\":\"ListItem\",\"position\":1,\"name\":\"Startseite\",\"item\":\"https:\/\/www.starsofthegalaxy.de\/\"},{\"@type\":\"ListItem\",\"position\":2,\"name\":\"Impressum\"}]},{\"@type\":\"WebSite\",\"@id\":\"https:\/\/www.starsofthegalaxy.de\/#website\",\"url\":\"https:\/\/www.starsofthegalaxy.de\/\",\"name\":\"Stars of the Galaxy | Tritt ein in eine andere Welt\",\"description\":\"\",\"potentialAction\":[{\"@type\":\"SearchAction\",\"target\":{\"@type\":\"EntryPoint\",\"urlTemplate\":\"https:\/\/www.starsofthegalaxy.de\/?s={search_term_string}\"},\"query-input\":{\"@type\":\"PropertyValueSpecification\",\"valueRequired\":true,\"valueName\":\"search_term_string\"}}],\"inLanguage\":\"en-GB\"}]}<\/script>\n<!-- \/ Yoast SEO plugin. -->","yoast_head_json":{"title":"Impressum - Stars of the Galaxy | Tritt ein in eine andere Welt","robots":{"index":"index","follow":"follow","max-snippet":"max-snippet:-1","max-image-preview":"max-image-preview:large","max-video-preview":"max-video-preview:-1"},"canonical":"https:\/\/www.starsofthegalaxy.de\/en\/impressum\/","og_locale":"en_GB","og_type":"article","og_title":"Impressum - Stars of the Galaxy | Tritt ein in eine andere Welt","og_description":"Impressum Filmfiguren Ausstellung Thomas Manglitz Berliner Platz 10 D-41061 M\u00f6nchengladbach Telefon: 0 21 61 \u2013 406 37 90 &nbsp; Inhalt des Onlineangebotes Thomas Manglitz \u00fcbernimmt keinerlei Gew\u00e4hr f\u00fcr die Aktualit\u00e4t, Korrektheit,Vollst\u00e4ndigkeit oder Qualit\u00e4t der bereitgestellten Informationen. Haftungsanspr\u00fcche gegen den Autor, welche sich auf Sch\u00e4den materieller oderideeller Art beziehen, die durch die Nutzung oder Nichtnutzung der [&hellip;]","og_url":"https:\/\/www.starsofthegalaxy.de\/en\/impressum\/","og_site_name":"Stars of the Galaxy | Tritt ein in eine andere Welt","article_modified_time":"2017-07-19T21:22:26+00:00","twitter_card":"summary_large_image","twitter_misc":{"Estimated reading time":"3 minutes"},"schema":{"@context":"https:\/\/schema.org","@graph":[{"@type":"WebPage","@id":"https:\/\/www.starsofthegalaxy.de\/impressum\/","url":"https:\/\/www.starsofthegalaxy.de\/impressum\/","name":"Impressum - Stars of the Galaxy | Tritt ein in eine andere Welt","isPartOf":{"@id":"https:\/\/www.starsofthegalaxy.de\/#website"},"datePublished":"2017-06-11T21:31:08+00:00","dateModified":"2017-07-19T21:22:26+00:00","breadcrumb":{"@id":"https:\/\/www.starsofthegalaxy.de\/impressum\/#breadcrumb"},"inLanguage":"en-GB","potentialAction":[{"@type":"ReadAction","target":["https:\/\/www.starsofthegalaxy.de\/impressum\/"]}]},{"@type":"BreadcrumbList","@id":"https:\/\/www.starsofthegalaxy.de\/impressum\/#breadcrumb","itemListElement":[{"@type":"ListItem","position":1,"name":"Startseite","item":"https:\/\/www.starsofthegalaxy.de\/"},{"@type":"ListItem","position":2,"name":"Impressum"}]},{"@type":"WebSite","@id":"https:\/\/www.starsofthegalaxy.de\/#website","url":"https:\/\/www.starsofthegalaxy.de\/","name":"Stars of the Galaxy | Step into another world","description":"","potentialAction":[{"@type":"SearchAction","target":{"@type":"EntryPoint","urlTemplate":"https:\/\/www.starsofthegalaxy.de\/?s={search_term_string}"},"query-input":{"@type":"PropertyValueSpecification","valueRequired":true,"valueName":"search_term_string"}}],"inLanguage":"en-GB"}]}},"_links":{"self":[{"href":"https:\/\/www.starsofthegalaxy.de\/en\/wp-json\/wp\/v2\/pages\/18"}],"collection":[{"href":"https:\/\/www.starsofthegalaxy.de\/en\/wp-json\/wp\/v2\/pages"}],"about":[{"href":"https:\/\/www.starsofthegalaxy.de\/en\/wp-json\/wp\/v2\/types\/page"}],"author":[{"embeddable":true,"href":"https:\/\/www.starsofthegalaxy.de\/en\/wp-json\/wp\/v2\/users\/1"}],"replies":[{"embeddable":true,"href":"https:\/\/www.starsofthegalaxy.de\/en\/wp-json\/wp\/v2\/comments?post=18"}],"version-history":[{"count":4,"href":"https:\/\/www.starsofthegalaxy.de\/en\/wp-json\/wp\/v2\/pages\/18\/revisions"}],"predecessor-version":[{"id":151,"href":"https:\/\/www.starsofthegalaxy.de\/en\/wp-json\/wp\/v2\/pages\/18\/revisions\/151"}],"wp:attachment":[{"href":"https:\/\/www.starsofthegalaxy.de\/en\/wp-json\/wp\/v2\/media?parent=18"}],"curies":[{"name":"wp","href":"https:\/\/api.w.org\/{rel}","templated":true}]}}