{"id":18,"date":"2017-06-11T23:31:08","date_gmt":"2017-06-11T21:31:08","guid":{"rendered":"http:\/\/www.starsofthegalaxy.de\/?page_id=18"},"modified":"2017-07-19T23:22:26","modified_gmt":"2017-07-19T21:22:26","slug":"impressum","status":"publish","type":"page","link":"https:\/\/www.starsofthegalaxy.de\/nl\/impressum\/","title":{"rendered":"Colofon"},"content":{"rendered":"<h2><strong>Colofon<\/strong><\/h2>\n<p><strong>Tentoonstelling filmpersonages<\/strong><\/p>\n<p>Thomas Manglitz<br \/>\nBerliner Platz 10<br \/>\nD-41061 M\u00f6nchengladbach<br \/>\nTelefoon: 0 21 61 - 406 37 90<\/p>\n<p>&nbsp;<\/p>\n<p><strong>Inhoud van de online aanbieding<br \/>\n<\/strong>Thomas Manglitz aanvaardt geen aansprakelijkheid voor de actualiteit, juistheid, volledigheid of kwaliteit van de verstrekte informatie. Aansprakelijkheidsclaims tegen de auteur die betrekking hebben op materi\u00eble of ide\u00eble schade die werd veroorzaakt door het gebruik of niet-gebruik van de aangeboden informatie of door het gebruik van onjuiste of onvolledige informatie, zijn principieel uitgesloten, tenzij er sprake is van opzet of grove nalatigheid van Thomas Manglitz. Thomas Manglitz behoudt zich uitdrukkelijk het recht voor om delen van de pagina's of het gehele aanbod zonder voorafgaande aankondiging te wijzigen, aan te vullen, te verwijderen of de publicatie tijdelijk of definitief te staken.<\/p>\n<p>&nbsp;<\/p>\n<p><strong>Referenties en links<br \/>\n<\/strong>Thomas Manglitz is niet verantwoordelijk voor enige inhoud waarnaar wordt gelinkt of verwezen vanaf zijn pagina's - tenzij hij volledig op de hoogte is van illegale inhoud en in staat zou zijn om de bezoekers van zijn site te verhinderen deze pagina's te bekijken. Thomas Manglitz verklaart daarom uitdrukkelijk dat de gelinkte pagina's vrij waren van illegale inhoud op het moment dat de links werden gecre\u00eberd. Thomas Manglitz heeft geen enkele invloed op de huidige en toekomstige vormgeving en inhoud van de gelinkte pagina's. Daarom distantieert Thomas Manglitz zich hierbij uitdrukkelijk van alle inhoud van alle gelinkte pagina's die werden veranderd nadat de link werd gemaakt. Deze verklaring geldt voor alle links en verwijzingen binnen de eigen website van Thomas Manglitz evenals voor vermeldingen van derden in forums en toplijsten die door Thomas Manglitz zijn opgezet. Voor illegale, onjuiste of onvolledige inhoud en in het bijzonder voor schade die voortvloeit uit het gebruik of niet-gebruik van dergelijke informatie, is alleen de aanbieder van de pagina waarnaar wordt verwezen aansprakelijk, niet degene die via links slechts naar de betreffende publicatie verwijst.<\/p>\n<p>&nbsp;<\/p>\n<p><strong>Auteursrecht en etiketteringsrecht<br \/>\n<\/strong>Thomas Manglitz streeft ernaar in alle publicaties de auteursrechten van de gebruikte grafieken, geluidsdocumenten, videosequenties en teksten in acht te nemen, door hemzelf gemaakte grafieken, geluidsdocumenten, videosequenties en teksten te gebruiken of gebruik te maken van licentievrije grafieken, geluidsdocumenten, videosequenties en teksten. Alle binnen het internetaanbod genoemde en eventueel door derden beschermde merken en handelsmerken zijn onbeperkt onderworpen aan de bepalingen van het geldende merkenrecht en de eigendomsrechten van de betreffende geregistreerde eigenaars. Alleen op grond van de vermelding van een handelsmerk kan niet worden geconcludeerd dat dit niet door rechten van derden is beschermd! Het auteursrecht voor gepubliceerde, door de auteur zelf gemaakte objecten blijft uitsluitend bij de auteur van de pagina's. Reproductie of gebruik van dergelijke afbeeldingen, geluidsdocumenten, videosequenties en teksten in andere elektronische of gedrukte publicaties is niet toegestaan zonder de uitdrukkelijke toestemming van Thomas Manglitz.<\/p>\n<p>&nbsp;<\/p>\n<p><strong>Privacyverklaring<br \/>\n<\/strong>Voor zover de mogelijkheid tot het invoeren van persoonlijke of zakelijke gegevens (e-mailadressen, naam, adressen) wordt geboden, gebeurt de invoer van deze gegevens vrijwillig. Het gebruik en de betaling van alle aangeboden diensten is - voor zover technisch mogelijk en redelijk - ook toegestaan zonder het invoeren van dergelijke gegevens of door het invoeren van geanonimiseerde gegevens of een pseudoniem.<\/p>\n<p>&nbsp;<\/p>\n<p><strong>Rechtsgeldigheid van deze disclaimer<br \/>\n<\/strong>Deze disclaimer dient te worden beschouwd als onderdeel van de internetpublicatie waarnaar u werd verwezen. Als delen of individuele termen van deze verklaring niet legaal of correct zijn, blijft de inhoud of geldigheid van de andere delen onaangetast door dit feit.<\/p>","protected":false},"excerpt":{"rendered":"<p>Impressum Filmfiguren Ausstellung Thomas Manglitz Berliner Platz 10 D-41061 M\u00f6nchengladbach Telefon: 0 21 61 \u2013 406 37 90 &nbsp; Inhalt des Onlineangebotes Thomas Manglitz \u00fcbernimmt keinerlei Gew\u00e4hr f\u00fcr die Aktualit\u00e4t, Korrektheit,Vollst\u00e4ndigkeit oder Qualit\u00e4t der bereitgestellten Informationen. Haftungsanspr\u00fcche gegen den Autor, welche sich auf Sch\u00e4den materieller oderideeller Art beziehen, die durch die Nutzung oder Nichtnutzung der [&hellip;]<\/p>\n","protected":false},"author":1,"featured_media":0,"parent":0,"menu_order":13,"comment_status":"closed","ping_status":"closed","template":"","meta":{"footnotes":""},"class_list":["post-18","page","type-page","status-publish","hentry"],"yoast_head":"<!-- This site is optimized with the Yoast SEO plugin v23.4 - https:\/\/yoast.com\/wordpress\/plugins\/seo\/ -->\n<title>Impressum - Stars of the Galaxy | Tritt ein in eine andere Welt<\/title>\n<meta name=\"robots\" content=\"index, follow, max-snippet:-1, max-image-preview:large, max-video-preview:-1\" \/>\n<link rel=\"canonical\" href=\"https:\/\/www.starsofthegalaxy.de\/nl\/impressum\/\" \/>\n<meta property=\"og:locale\" content=\"nl_NL\" \/>\n<meta property=\"og:type\" content=\"article\" \/>\n<meta property=\"og:title\" content=\"Impressum - Stars of the Galaxy | Tritt ein in eine andere Welt\" \/>\n<meta property=\"og:description\" content=\"Impressum Filmfiguren Ausstellung Thomas Manglitz Berliner Platz 10 D-41061 M\u00f6nchengladbach Telefon: 0 21 61 \u2013 406 37 90 &nbsp; Inhalt des Onlineangebotes Thomas Manglitz \u00fcbernimmt keinerlei Gew\u00e4hr f\u00fcr die Aktualit\u00e4t, Korrektheit,Vollst\u00e4ndigkeit oder Qualit\u00e4t der bereitgestellten Informationen. Haftungsanspr\u00fcche gegen den Autor, welche sich auf Sch\u00e4den materieller oderideeller Art beziehen, die durch die Nutzung oder Nichtnutzung der [&hellip;]\" \/>\n<meta property=\"og:url\" content=\"https:\/\/www.starsofthegalaxy.de\/nl\/impressum\/\" \/>\n<meta property=\"og:site_name\" content=\"Stars of the Galaxy | Tritt ein in eine andere Welt\" \/>\n<meta property=\"article:modified_time\" content=\"2017-07-19T21:22:26+00:00\" \/>\n<meta name=\"twitter:card\" content=\"summary_large_image\" \/>\n<meta name=\"twitter:label1\" content=\"Geschatte leestijd\" \/>\n\t<meta name=\"twitter:data1\" content=\"3 minuten\" \/>\n<script type=\"application\/ld+json\" class=\"yoast-schema-graph\">{\"@context\":\"https:\/\/schema.org\",\"@graph\":[{\"@type\":\"WebPage\",\"@id\":\"https:\/\/www.starsofthegalaxy.de\/impressum\/\",\"url\":\"https:\/\/www.starsofthegalaxy.de\/impressum\/\",\"name\":\"Impressum - Stars of the Galaxy | Tritt ein in eine andere Welt\",\"isPartOf\":{\"@id\":\"https:\/\/www.starsofthegalaxy.de\/#website\"},\"datePublished\":\"2017-06-11T21:31:08+00:00\",\"dateModified\":\"2017-07-19T21:22:26+00:00\",\"breadcrumb\":{\"@id\":\"https:\/\/www.starsofthegalaxy.de\/impressum\/#breadcrumb\"},\"inLanguage\":\"nl-NL\",\"potentialAction\":[{\"@type\":\"ReadAction\",\"target\":[\"https:\/\/www.starsofthegalaxy.de\/impressum\/\"]}]},{\"@type\":\"BreadcrumbList\",\"@id\":\"https:\/\/www.starsofthegalaxy.de\/impressum\/#breadcrumb\",\"itemListElement\":[{\"@type\":\"ListItem\",\"position\":1,\"name\":\"Startseite\",\"item\":\"https:\/\/www.starsofthegalaxy.de\/\"},{\"@type\":\"ListItem\",\"position\":2,\"name\":\"Impressum\"}]},{\"@type\":\"WebSite\",\"@id\":\"https:\/\/www.starsofthegalaxy.de\/#website\",\"url\":\"https:\/\/www.starsofthegalaxy.de\/\",\"name\":\"Stars of the Galaxy | Tritt ein in eine andere Welt\",\"description\":\"\",\"potentialAction\":[{\"@type\":\"SearchAction\",\"target\":{\"@type\":\"EntryPoint\",\"urlTemplate\":\"https:\/\/www.starsofthegalaxy.de\/?s={search_term_string}\"},\"query-input\":{\"@type\":\"PropertyValueSpecification\",\"valueRequired\":true,\"valueName\":\"search_term_string\"}}],\"inLanguage\":\"nl-NL\"}]}<\/script>\n<!-- \/ Yoast SEO plugin. -->","yoast_head_json":{"title":"Impressum - Stars of the Galaxy | Tritt ein in eine andere Welt","robots":{"index":"index","follow":"follow","max-snippet":"max-snippet:-1","max-image-preview":"max-image-preview:large","max-video-preview":"max-video-preview:-1"},"canonical":"https:\/\/www.starsofthegalaxy.de\/nl\/impressum\/","og_locale":"nl_NL","og_type":"article","og_title":"Impressum - Stars of the Galaxy | Tritt ein in eine andere Welt","og_description":"Impressum Filmfiguren Ausstellung Thomas Manglitz Berliner Platz 10 D-41061 M\u00f6nchengladbach Telefon: 0 21 61 \u2013 406 37 90 &nbsp; Inhalt des Onlineangebotes Thomas Manglitz \u00fcbernimmt keinerlei Gew\u00e4hr f\u00fcr die Aktualit\u00e4t, Korrektheit,Vollst\u00e4ndigkeit oder Qualit\u00e4t der bereitgestellten Informationen. Haftungsanspr\u00fcche gegen den Autor, welche sich auf Sch\u00e4den materieller oderideeller Art beziehen, die durch die Nutzung oder Nichtnutzung der [&hellip;]","og_url":"https:\/\/www.starsofthegalaxy.de\/nl\/impressum\/","og_site_name":"Stars of the Galaxy | Tritt ein in eine andere Welt","article_modified_time":"2017-07-19T21:22:26+00:00","twitter_card":"summary_large_image","twitter_misc":{"Geschatte leestijd":"3 minuten"},"schema":{"@context":"https:\/\/schema.org","@graph":[{"@type":"WebPage","@id":"https:\/\/www.starsofthegalaxy.de\/impressum\/","url":"https:\/\/www.starsofthegalaxy.de\/impressum\/","name":"Impressum - Stars of the Galaxy | Tritt ein in eine andere Welt","isPartOf":{"@id":"https:\/\/www.starsofthegalaxy.de\/#website"},"datePublished":"2017-06-11T21:31:08+00:00","dateModified":"2017-07-19T21:22:26+00:00","breadcrumb":{"@id":"https:\/\/www.starsofthegalaxy.de\/impressum\/#breadcrumb"},"inLanguage":"nl-NL","potentialAction":[{"@type":"ReadAction","target":["https:\/\/www.starsofthegalaxy.de\/impressum\/"]}]},{"@type":"BreadcrumbList","@id":"https:\/\/www.starsofthegalaxy.de\/impressum\/#breadcrumb","itemListElement":[{"@type":"ListItem","position":1,"name":"Startseite","item":"https:\/\/www.starsofthegalaxy.de\/"},{"@type":"ListItem","position":2,"name":"Impressum"}]},{"@type":"WebSite","@id":"https:\/\/www.starsofthegalaxy.de\/#website","url":"https:\/\/www.starsofthegalaxy.de\/","name":"Sterren van de Melkweg | Stap in een andere wereld","description":"","potentialAction":[{"@type":"SearchAction","target":{"@type":"EntryPoint","urlTemplate":"https:\/\/www.starsofthegalaxy.de\/?s={search_term_string}"},"query-input":{"@type":"PropertyValueSpecification","valueRequired":true,"valueName":"search_term_string"}}],"inLanguage":"nl-NL"}]}},"_links":{"self":[{"href":"https:\/\/www.starsofthegalaxy.de\/nl\/wp-json\/wp\/v2\/pages\/18"}],"collection":[{"href":"https:\/\/www.starsofthegalaxy.de\/nl\/wp-json\/wp\/v2\/pages"}],"about":[{"href":"https:\/\/www.starsofthegalaxy.de\/nl\/wp-json\/wp\/v2\/types\/page"}],"author":[{"embeddable":true,"href":"https:\/\/www.starsofthegalaxy.de\/nl\/wp-json\/wp\/v2\/users\/1"}],"replies":[{"embeddable":true,"href":"https:\/\/www.starsofthegalaxy.de\/nl\/wp-json\/wp\/v2\/comments?post=18"}],"version-history":[{"count":4,"href":"https:\/\/www.starsofthegalaxy.de\/nl\/wp-json\/wp\/v2\/pages\/18\/revisions"}],"predecessor-version":[{"id":151,"href":"https:\/\/www.starsofthegalaxy.de\/nl\/wp-json\/wp\/v2\/pages\/18\/revisions\/151"}],"wp:attachment":[{"href":"https:\/\/www.starsofthegalaxy.de\/nl\/wp-json\/wp\/v2\/media?parent=18"}],"curies":[{"name":"wp","href":"https:\/\/api.w.org\/{rel}","templated":true}]}}