{"id":26,"date":"2017-06-11T23:32:34","date_gmt":"2017-06-11T21:32:34","guid":{"rendered":"http:\/\/www.starsofthegalaxy.de\/?page_id=26"},"modified":"2026-02-13T15:24:48","modified_gmt":"2026-02-13T14:24:48","slug":"ausstellung","status":"publish","type":"page","link":"https:\/\/www.starsofthegalaxy.de\/nl\/ausstellung\/","title":{"rendered":"Tentoonstelling"},"content":{"rendered":"<p><div class=\"fusion-fullwidth fullwidth-box fusion-builder-row-1 fusion-flex-container hundred-percent-fullwidth non-hundred-percent-height-scrolling\" style=\"--awb-border-radius-top-left:0px;--awb-border-radius-top-right:0px;--awb-border-radius-bottom-right:0px;--awb-border-radius-bottom-left:0px;--awb-padding-top:0px;--awb-padding-right:0px;--awb-padding-left:0px;--awb-margin-top:0px;--awb-margin-bottom:2%;--awb-flex-wrap:wrap;\" ><div class=\"fusion-builder-row fusion-row fusion-flex-align-items-flex-start fusion-flex-content-wrap\" style=\"width:104% !important;max-width:104% !important;margin-left: calc(-4% \/ 2 );margin-right: calc(-4% \/ 2 );\"><div class=\"fusion-layout-column fusion_builder_column fusion-builder-column-0 fusion_builder_column_1_1 1_1 fusion-flex-column\" style=\"--awb-bg-size:cover;--awb-width-large:100%;--awb-margin-top-large:0px;--awb-spacing-right-large:1.92%;--awb-margin-bottom-large:0px;--awb-spacing-left-large:1.92%;--awb-width-medium:100%;--awb-spacing-right-medium:1.92%;--awb-spacing-left-medium:1.92%;--awb-width-small:100%;--awb-spacing-right-small:1.92%;--awb-spacing-left-small:1.92%;\"><div class=\"fusion-column-wrapper fusion-flex-justify-content-flex-start fusion-content-layout-column\"><div class=\"fusion-image-element \" style=\"text-align:center;--awb-caption-title-font-family:var(--h2_typography-font-family);--awb-caption-title-font-weight:var(--h2_typography-font-weight);--awb-caption-title-font-style:var(--h2_typography-font-style);--awb-caption-title-size:var(--h2_typography-font-size);--awb-caption-title-transform:var(--h2_typography-text-transform);--awb-caption-title-line-height:var(--h2_typography-line-height);--awb-caption-title-letter-spacing:var(--h2_typography-letter-spacing);\"><span class=\" fusion-imageframe imageframe-none imageframe-1 hover-type-none\"><img decoding=\"async\" width=\"2000\" height=\"300\" title=\"header_ausstellung\" src=\"http:\/\/www.starsofthegalaxy.de\/wp-content\/uploads\/2017\/06\/header_ausstellung.jpg\" alt class=\"img-responsive wp-image-99\" srcset=\"https:\/\/www.starsofthegalaxy.de\/wp-content\/uploads\/2017\/06\/header_ausstellung-200x30.jpg 200w, https:\/\/www.starsofthegalaxy.de\/wp-content\/uploads\/2017\/06\/header_ausstellung-400x60.jpg 400w, https:\/\/www.starsofthegalaxy.de\/wp-content\/uploads\/2017\/06\/header_ausstellung-600x90.jpg 600w, https:\/\/www.starsofthegalaxy.de\/wp-content\/uploads\/2017\/06\/header_ausstellung-800x120.jpg 800w, https:\/\/www.starsofthegalaxy.de\/wp-content\/uploads\/2017\/06\/header_ausstellung-1200x180.jpg 1200w, https:\/\/www.starsofthegalaxy.de\/wp-content\/uploads\/2017\/06\/header_ausstellung.jpg 2000w\" sizes=\"(max-width: 640px) 100vw, 2000px\" \/><\/span><\/div><\/div><\/div><\/div><\/div><div class=\"fusion-fullwidth fullwidth-box fusion-builder-row-2 fusion-flex-container nonhundred-percent-fullwidth non-hundred-percent-height-scrolling\" style=\"--awb-border-radius-top-left:0px;--awb-border-radius-top-right:0px;--awb-border-radius-bottom-right:0px;--awb-border-radius-bottom-left:0px;--awb-flex-wrap:wrap;\" ><div class=\"fusion-builder-row fusion-row fusion-flex-align-items-flex-start fusion-flex-content-wrap\" style=\"max-width:1331.2px;margin-left: calc(-4% \/ 2 );margin-right: calc(-4% \/ 2 );\"><div class=\"fusion-layout-column fusion_builder_column fusion-builder-column-1 fusion_builder_column_1_6 1_6 fusion-flex-column\" style=\"--awb-bg-size:cover;--awb-width-large:16.666666666667%;--awb-margin-top-large:0px;--awb-spacing-right-large:11.52%;--awb-margin-bottom-large:20px;--awb-spacing-left-large:11.52%;--awb-width-medium:16.666666666667%;--awb-spacing-right-medium:11.52%;--awb-spacing-left-medium:11.52%;--awb-width-small:100%;--awb-spacing-right-small:1.92%;--awb-spacing-left-small:1.92%;\"><div class=\"fusion-column-wrapper fusion-flex-justify-content-flex-start fusion-content-layout-column\"><\/div><\/div><div class=\"fusion-layout-column fusion_builder_column fusion-builder-column-2 fusion_builder_column_2_3 2_3 fusion-flex-column\" style=\"--awb-bg-size:cover;--awb-width-large:66.666666666667%;--awb-margin-top-large:0px;--awb-spacing-right-large:2.88%;--awb-margin-bottom-large:20px;--awb-spacing-left-large:2.88%;--awb-width-medium:66.666666666667%;--awb-spacing-right-medium:2.88%;--awb-spacing-left-medium:2.88%;--awb-width-small:100%;--awb-spacing-right-small:1.92%;--awb-spacing-left-small:1.92%;\"><div class=\"fusion-column-wrapper fusion-flex-justify-content-flex-start fusion-content-layout-column\"><div class=\"fusion-text fusion-text-1\"><h1 style=\"text-align: center;\">Tritt ein<\/h1>\n<h1 style=\"text-align: center;\"><strong>in eine andere Welt.<\/strong><\/h1>\n<p>Zugegeben, wenn wir \u00fcber unsere Ausstellung sprechen, dann geraten wir ins Schw\u00e4rmen. Auch wenn viele Details vor allem etwas f\u00fcr Kenner und Sammler sind, wie die lebensgro\u00dfen Filmfiguren, die Premium Format 1:4-Sammler-Figuren der Firma Sideshow oder die 1:6 Figuren der Firma Hot Toys, so gibt es auch unendlich viele Exponate, die auch Kinder faszinieren, wie zum Beispiel Han Solo in Karbonit eingefroren oder unsere limitierten Lego-Modelle \u2013 darunter ein\u00a03,20 langer Sternenzerst\u00f6rer bestehend aus 400 000 einzelnen Teilen.<\/p>\n<p>Laserschwert- und Waffenrepliken aus den Star Wars-Filmen, Raumschiffmodelle der Firmen Master Replica und Attakus und verschieden gro\u00dfe, detailreiche Dioramen, wie auch\u00a0Making-of Dioramen in 1:18 von Maxx Replicas oder unsere handgearbeiteten Prototypen z\u00e4hlen zu unseren Highlights. Besonders stolz sind wir auf\u00a0die Schlacht auf dem Eisplaneten Hoth, die im\u00a0umgebauten Becken des ehemaligen Kaiserbades \u00fcber einen Zeitraum von 6 Monaten nachgebaut wurde.\u00a0Star des Hoth-Dioramas ist nat\u00fcrlich der AT-AT (All Terrain Armored Transporter) mit einer L\u00e4nge von 5,80 Metern und einer H\u00f6he von 4,50 Metern. Dieses Modell wurde 1999 f\u00fcr die Premiere der STAR WARS \u201eSpecial Edition\u201c gebaut und ist als Promotionexponat durch die ganze Welt gereist, bis es dann 2007 den Weg in unsere Ausstellung fand.<\/p>\n<p>Er darf nat\u00fcrlich auch nicht fehlen: Unser C-3PO Animatronic ist eine lebensgro\u00dfe Figur mit Beleuchtung, Sound und computergesteuerten Bewegungsabl\u00e4ufen. Sie besitzt sehr viele Details und ist 1:1 dem C-3PO aus Episode V nachempfunden. Ja und dann ist da ja noch die eine Frage, die nat\u00fcrlich \u00fcber allem steht:\u00a0In der lebensgro\u00df nachgestellten Szene \u201eWho shot first?\u201c k\u00f6nnt ihr Han Solo sein und euch mit seinem Blaster beim Schie\u00dfen auf Greedo fotografieren lassen.<\/p>\n<\/div><\/div><\/div><div class=\"fusion-layout-column fusion_builder_column fusion-builder-column-3 fusion_builder_column_1_6 1_6 fusion-flex-column\" style=\"--awb-bg-size:cover;--awb-width-large:16.666666666667%;--awb-margin-top-large:0px;--awb-spacing-right-large:11.52%;--awb-margin-bottom-large:20px;--awb-spacing-left-large:11.52%;--awb-width-medium:16.666666666667%;--awb-spacing-right-medium:11.52%;--awb-spacing-left-medium:11.52%;--awb-width-small:100%;--awb-spacing-right-small:1.92%;--awb-spacing-left-small:1.92%;\"><div class=\"fusion-column-wrapper fusion-flex-justify-content-flex-start fusion-content-layout-column\"><\/div><\/div><\/div><\/div><div class=\"fusion-fullwidth fullwidth-box fusion-builder-row-3 fusion-flex-container hundred-percent-fullwidth non-hundred-percent-height-scrolling\" style=\"--awb-border-radius-top-left:0px;--awb-border-radius-top-right:0px;--awb-border-radius-bottom-right:0px;--awb-border-radius-bottom-left:0px;--awb-flex-wrap:wrap;\" ><div class=\"fusion-builder-row fusion-row fusion-flex-align-items-flex-start fusion-flex-content-wrap\" style=\"width:104% !important;max-width:104% !important;margin-left: calc(-4% \/ 2 );margin-right: calc(-4% \/ 2 );\"><div class=\"fusion-layout-column fusion_builder_column fusion-builder-column-4 fusion_builder_column_1_1 1_1 fusion-flex-column\" style=\"--awb-bg-size:cover;--awb-width-large:100%;--awb-margin-top-large:0px;--awb-spacing-right-large:1.92%;--awb-margin-bottom-large:20px;--awb-spacing-left-large:1.92%;--awb-width-medium:100%;--awb-spacing-right-medium:1.92%;--awb-spacing-left-medium:1.92%;--awb-width-small:100%;--awb-spacing-right-small:1.92%;--awb-spacing-left-small:1.92%;\"><div class=\"fusion-column-wrapper fusion-flex-justify-content-flex-start fusion-content-layout-column\"><div class=\"fusion-image-carousel fusion-image-carousel-auto fusion-image-carousel-1 lightbox-enabled fusion-carousel-border\"><div class=\"awb-carousel awb-swiper awb-swiper-carousel\" data-autoplay=\"no\" data-columns=\"5\" data-itemmargin=\"13\" data-itemwidth=\"180\" data-touchscroll=\"no\" data-imagesize=\"auto\"><div class=\"swiper-wrapper awb-image-carousel-wrapper fusion-flex-align-items-center\"><div class=\"swiper-slide\"><div class=\"fusion-carousel-item-wrapper\"><div class=\"fusion-image-wrapper hover-type-none\"><a data-rel=\"iLightbox[image_carousel_1]\" href=\"http:\/\/www.starsofthegalaxy.de\/wp-content\/uploads\/2017\/06\/ausstellung_07.jpg\" target=\"_self\"><img decoding=\"async\" src=\"http:\/\/www.starsofthegalaxy.de\/wp-content\/uploads\/2017\/06\/ausstellung_07.jpg\" alt=\"\"\/><\/a><\/div><\/div><\/div><div class=\"swiper-slide\"><div class=\"fusion-carousel-item-wrapper\"><div class=\"fusion-image-wrapper hover-type-none\"><a data-rel=\"iLightbox[image_carousel_1]\" href=\"http:\/\/www.starsofthegalaxy.de\/wp-content\/uploads\/2017\/06\/ausstellung_06.jpg\" target=\"_self\"><img decoding=\"async\" src=\"http:\/\/www.starsofthegalaxy.de\/wp-content\/uploads\/2017\/06\/ausstellung_06.jpg\" alt=\"\"\/><\/a><\/div><\/div><\/div><div class=\"swiper-slide\"><div class=\"fusion-carousel-item-wrapper\"><div class=\"fusion-image-wrapper hover-type-none\"><a data-rel=\"iLightbox[image_carousel_1]\" href=\"http:\/\/www.starsofthegalaxy.de\/wp-content\/uploads\/2017\/06\/ausstellung_05.jpg\" target=\"_self\"><img decoding=\"async\" src=\"http:\/\/www.starsofthegalaxy.de\/wp-content\/uploads\/2017\/06\/ausstellung_05.jpg\" alt=\"\"\/><\/a><\/div><\/div><\/div><div class=\"swiper-slide\"><div class=\"fusion-carousel-item-wrapper\"><div class=\"fusion-image-wrapper hover-type-none\"><a data-rel=\"iLightbox[image_carousel_1]\" href=\"http:\/\/www.starsofthegalaxy.de\/wp-content\/uploads\/2017\/06\/ausstellung_04.jpg\" target=\"_self\"><img decoding=\"async\" src=\"http:\/\/www.starsofthegalaxy.de\/wp-content\/uploads\/2017\/06\/ausstellung_04.jpg\" alt=\"\"\/><\/a><\/div><\/div><\/div><div class=\"swiper-slide\"><div class=\"fusion-carousel-item-wrapper\"><div class=\"fusion-image-wrapper hover-type-none\"><a data-rel=\"iLightbox[image_carousel_1]\" href=\"http:\/\/www.starsofthegalaxy.de\/wp-content\/uploads\/2017\/06\/ausstellung_03.jpg\" target=\"_self\"><img decoding=\"async\" src=\"http:\/\/www.starsofthegalaxy.de\/wp-content\/uploads\/2017\/06\/ausstellung_03.jpg\" alt=\"\"\/><\/a><\/div><\/div><\/div><div class=\"swiper-slide\"><div class=\"fusion-carousel-item-wrapper\"><div class=\"fusion-image-wrapper hover-type-none\"><a data-rel=\"iLightbox[image_carousel_1]\" href=\"http:\/\/www.starsofthegalaxy.de\/wp-content\/uploads\/2017\/06\/ausstellung_02.jpg\" target=\"_self\"><img decoding=\"async\" src=\"http:\/\/www.starsofthegalaxy.de\/wp-content\/uploads\/2017\/06\/ausstellung_02.jpg\" alt=\"\"\/><\/a><\/div><\/div><\/div><div class=\"swiper-slide\"><div class=\"fusion-carousel-item-wrapper\"><div class=\"fusion-image-wrapper hover-type-none\"><a data-rel=\"iLightbox[image_carousel_1]\" href=\"http:\/\/www.starsofthegalaxy.de\/wp-content\/uploads\/2017\/06\/ausstellung_01.jpg\" target=\"_self\"><img decoding=\"async\" src=\"http:\/\/www.starsofthegalaxy.de\/wp-content\/uploads\/2017\/06\/ausstellung_01.jpg\" alt=\"\"\/><\/a><\/div><\/div><\/div><\/div><div class=\"awb-swiper-button awb-swiper-button-prev\"><i class=\"awb-icon-angle-left\" aria-hidden=\"true\"><\/i><\/div><div class=\"awb-swiper-button awb-swiper-button-next\"><i class=\"awb-icon-angle-right\" aria-hidden=\"true\"><\/i><\/div><\/div><\/div><\/div><\/div><\/div><\/div><div class=\"fusion-fullwidth fullwidth-box fusion-builder-row-4 fusion-flex-container nonhundred-percent-fullwidth non-hundred-percent-height-scrolling\" style=\"--awb-border-radius-top-left:0px;--awb-border-radius-top-right:0px;--awb-border-radius-bottom-right:0px;--awb-border-radius-bottom-left:0px;--awb-flex-wrap:wrap;\" ><div class=\"fusion-builder-row fusion-row fusion-flex-align-items-flex-start fusion-flex-content-wrap\" style=\"max-width:1331.2px;margin-left: calc(-4% \/ 2 );margin-right: calc(-4% \/ 2 );\"><div class=\"fusion-layout-column fusion_builder_column fusion-builder-column-5 fusion_builder_column_1_5 1_5 fusion-flex-column\" style=\"--awb-bg-size:cover;--awb-width-large:20%;--awb-margin-top-large:0px;--awb-spacing-right-large:9.6%;--awb-margin-bottom-large:20px;--awb-spacing-left-large:9.6%;--awb-width-medium:20%;--awb-spacing-right-medium:9.6%;--awb-spacing-left-medium:9.6%;--awb-width-small:100%;--awb-spacing-right-small:1.92%;--awb-spacing-left-small:1.92%;\"><div class=\"fusion-column-wrapper fusion-flex-justify-content-flex-start fusion-content-layout-column\"><\/div><\/div><div class=\"fusion-layout-column fusion_builder_column fusion-builder-column-6 fusion_builder_column_3_5 3_5 fusion-flex-column\" style=\"--awb-bg-size:cover;--awb-width-large:60%;--awb-margin-top-large:0px;--awb-spacing-right-large:3.2%;--awb-margin-bottom-large:20px;--awb-spacing-left-large:3.2%;--awb-width-medium:60%;--awb-spacing-right-medium:3.2%;--awb-spacing-left-medium:3.2%;--awb-width-small:100%;--awb-spacing-right-small:1.92%;--awb-spacing-left-small:1.92%;\"><div class=\"fusion-column-wrapper fusion-flex-justify-content-flex-start fusion-content-layout-column\"><div class=\"fusion-text fusion-text-2\"><h2 style=\"text-align: center;\">\u00d6ffnungszeiten der Ausstellung<\/h2>\n<p style=\"text-align: center;\">Donnerstags von 12.00 &#8211; 18.00 Uhr<br \/>\nFreitags von 12.00 &#8211; 18.00 Uhr<br \/>\nSamstags von 10.00 &#8211; 18.00 Uhr<br \/>\nSonntags von 12.00 &#8211; 17.00 Uhr<\/p>\n<\/div><div class=\"fusion-separator fusion-full-width-sep\" style=\"align-self: center;margin-left: auto;margin-right: auto;margin-top:30px;width:100%;\"><\/div><div class=\"fusion-text fusion-text-3\"><h2 style=\"text-align: center;\">Eintrittspreise<\/h2>\n<p style=\"text-align: center;\">Kinder 12,- Euro (ab 3 bis 15 Jahre)<\/p>\n<p style=\"text-align: center;\">Erwachsene 18,00 Euro<\/p>\n<p style=\"text-align: center;\">Familienkarte 50,- Euro (2 Erwachsene und 2 Kinder, oder 1 Erwachsener mit 3 Kindern)<\/p>\n<h2 style=\"text-align: center;\">F\u00fchrungen:<\/h2>\n<p style=\"text-align: center;\">\u00a0F\u00fchrungen f\u00fcr 3 Personen: 70,- Euro (beinhaltet Eintritt und F\u00fchrung)<br \/>\nDie Termine finden immer samstags statt.<\/p>\n<p style=\"text-align: center;\">Anmeldungen bitte nur per Mail an info@starsofthegalaxy.de<\/p>\n<\/div><div class=\"fusion-separator fusion-full-width-sep\" style=\"align-self: center;margin-left: auto;margin-right: auto;margin-top:20px;width:100%;\"><\/div><div class=\"fusion-text fusion-text-4\"><h2 style=\"text-align: center;\">Eintrittskarten<\/h2>\n<p style=\"text-align: center;\">bekommt man jederzeit an der Tageskasse. Eine Voranmeldung ist nicht notwendig.<strong><br \/>\n<\/strong><\/p>\n<\/div><div style=\"text-align:center;\"><a class=\"fusion-button button-flat fusion-button-default-size button-default fusion-button-default button-1 fusion-button-default-span fusion-button-default-type\" target=\"_self\" href=\"https:\/\/www.starsofthegalaxy.de\/#bookly\"><span class=\"fusion-button-text\">Tickets online kaufen<\/span><\/a><\/div><div class=\"fusion-separator fusion-full-width-sep\" style=\"align-self: center;margin-left: auto;margin-right: auto;margin-top:20px;width:100%;\"><\/div><div class=\"fusion-separator fusion-full-width-sep\" style=\"align-self: center;margin-left: auto;margin-right: auto;margin-top:20px;width:100%;\"><\/div><div class=\"fusion-text fusion-text-5\"><p style=\"text-align: center;\"><strong>Erm\u00e4\u00dfigungen gibt es f\u00fcr:<\/strong><br \/>\nSenioren (67+)<\/p>\n<p style=\"text-align: center;\">Sch\u00fcler(ab 16 Jahre), Auszubildende, Studenten (bis 27 Jahre)<\/p>\n<p style=\"text-align: center;\">Menschen mit Einschr\u00e4nkungen und deren eingetragene Begleitpersonen,<\/p>\n<p style=\"text-align: center;\">S-Club, Familienkarte Neuss,<\/p>\n<p style=\"text-align: center;\">Minto Card<\/p>\n<p style=\"text-align: center;\"><strong>Liebe Hunde sind bei uns willkommen!<\/strong><\/p>\n<p style=\"text-align: center;\">(Es gibt hier allerdings auch 2 liebe Katzen)<\/p>\n<p style=\"text-align: center;\"><strong>Im Weltraum ist es kalt:<\/strong><br \/>\nDie Ausstellung befindet sich in den R\u00e4umlichkeiten eines ehemaligen Schwimmbades. Da hier keine Heizungsanlage mehr vorhanden ist, bitte warm anziehen!<\/p>\n<\/div><div class=\"fusion-separator fusion-full-width-sep\" style=\"align-self: center;margin-left: auto;margin-right: auto;margin-top:20px;width:100%;\"><\/div><div class=\"fusion-text fusion-text-6\"><h2 style=\"text-align: center;\">Parkm\u00f6glichkeiten:<\/h2>\n<p style=\"text-align: center;\">Es gibt einige kostenlose Parkbuchten vor dem Geb\u00e4ude, einen gr\u00f6\u00dferen Parkplatz (Parkscheinautomat) direkt gegen\u00fcber, ein Parkhaus (ca. 100m entfernt) und um die Ecke (L\u00fcpertzender Stra\u00dfe 86) ein Parkdeck, f\u00fcr welches Sie bei uns einen RabattCoupon erhalten k\u00f6nnen. (2 Euro pro angefangener Stunde, mit Coupon erste Stunde frei. Fragen Sie bitte an der Kasse nach dem Parkdeck Coupon)<\/p>\n<\/div><div class=\"fusion-separator fusion-full-width-sep\" style=\"align-self: center;margin-left: auto;margin-right: auto;margin-top:20px;width:100%;\"><\/div><div class=\"fusion-text fusion-text-7\"><h2 style=\"text-align: center;\">Barrierefreiheit:<\/h2>\n<p style=\"text-align: center;\">Unsere Ausstellung befindet sich in einem ehemaligem Schwimmbad.<\/p>\n<p style=\"text-align: center;\">Leider ist sie daher <strong>nicht vollst\u00e4ndig barrierefrei<\/strong>. Am Eingang befinden sich 4 Stufen, und am Beginn der Ausstellung eine Treppe.<\/p>\n<p style=\"text-align: center;\">Leichte Rollst\u00fchle\/Rollatoren\/Kinderwagen k\u00f6nnen diese Treppe hochgetragen werden, und ab da sind 80% der Ausstellung ebenerdig und mit Rollstuhl befahrbar.<\/p>\n<p style=\"text-align: center;\">Am Ende der Ausstellung geht es dann allerdings ins ehemalige Schwimmbecken, wo noch einmal 2 Treppen vorhanden sind, welche f\u00fcr Rollstuhlfahrer leider ein Hindernis darstellen. Die Kost\u00fcmsammlung und die Eiswelt sind daher leider f\u00fcr Menschen mit Gehbehinderung schwer bis gar nicht erreichbar.<\/p>\n<\/div><\/div><\/div><div class=\"fusion-layout-column fusion_builder_column fusion-builder-column-7 fusion_builder_column_1_5 1_5 fusion-flex-column\" style=\"--awb-bg-size:cover;--awb-width-large:20%;--awb-margin-top-large:0px;--awb-spacing-right-large:9.6%;--awb-margin-bottom-large:20px;--awb-spacing-left-large:9.6%;--awb-width-medium:20%;--awb-spacing-right-medium:9.6%;--awb-spacing-left-medium:9.6%;--awb-width-small:100%;--awb-spacing-right-small:1.92%;--awb-spacing-left-small:1.92%;\"><div class=\"fusion-column-wrapper fusion-flex-justify-content-flex-start fusion-content-layout-column\"><\/div><\/div><\/div><\/div><\/p>\n","protected":false},"excerpt":{"rendered":"","protected":false},"author":1,"featured_media":0,"parent":0,"menu_order":4,"comment_status":"closed","ping_status":"closed","template":"100-width.php","meta":{"footnotes":""},"class_list":["post-26","page","type-page","status-publish","hentry"],"yoast_head":"<!-- This site is optimized with the Yoast SEO plugin v23.4 - https:\/\/yoast.com\/wordpress\/plugins\/seo\/ -->\n<title>Ausstellung - Stars of the Galaxy | Tritt ein in eine andere Welt<\/title>\n<meta name=\"robots\" content=\"index, follow, max-snippet:-1, max-image-preview:large, max-video-preview:-1\" \/>\n<link rel=\"canonical\" href=\"https:\/\/www.starsofthegalaxy.de\/nl\/ausstellung\/\" \/>\n<meta property=\"og:locale\" content=\"nl_NL\" \/>\n<meta property=\"og:type\" content=\"article\" \/>\n<meta property=\"og:title\" content=\"Ausstellung - Stars of the Galaxy | Tritt ein in eine andere Welt\" \/>\n<meta property=\"og:url\" content=\"https:\/\/www.starsofthegalaxy.de\/nl\/ausstellung\/\" \/>\n<meta property=\"og:site_name\" content=\"Stars of the Galaxy | Tritt ein in eine andere Welt\" \/>\n<meta property=\"article:modified_time\" content=\"2026-02-13T14:24:48+00:00\" \/>\n<meta name=\"twitter:card\" content=\"summary_large_image\" \/>\n<meta name=\"twitter:label1\" content=\"Geschatte leestijd\" \/>\n\t<meta name=\"twitter:data1\" content=\"5 minuten\" \/>\n<script type=\"application\/ld+json\" class=\"yoast-schema-graph\">{\"@context\":\"https:\/\/schema.org\",\"@graph\":[{\"@type\":\"WebPage\",\"@id\":\"https:\/\/www.starsofthegalaxy.de\/ausstellung\/\",\"url\":\"https:\/\/www.starsofthegalaxy.de\/ausstellung\/\",\"name\":\"Ausstellung - Stars of the Galaxy | Tritt ein in eine andere Welt\",\"isPartOf\":{\"@id\":\"https:\/\/www.starsofthegalaxy.de\/#website\"},\"datePublished\":\"2017-06-11T21:32:34+00:00\",\"dateModified\":\"2026-02-13T14:24:48+00:00\",\"breadcrumb\":{\"@id\":\"https:\/\/www.starsofthegalaxy.de\/ausstellung\/#breadcrumb\"},\"inLanguage\":\"nl-NL\",\"potentialAction\":[{\"@type\":\"ReadAction\",\"target\":[\"https:\/\/www.starsofthegalaxy.de\/ausstellung\/\"]}]},{\"@type\":\"BreadcrumbList\",\"@id\":\"https:\/\/www.starsofthegalaxy.de\/ausstellung\/#breadcrumb\",\"itemListElement\":[{\"@type\":\"ListItem\",\"position\":1,\"name\":\"Startseite\",\"item\":\"https:\/\/www.starsofthegalaxy.de\/\"},{\"@type\":\"ListItem\",\"position\":2,\"name\":\"Ausstellung\"}]},{\"@type\":\"WebSite\",\"@id\":\"https:\/\/www.starsofthegalaxy.de\/#website\",\"url\":\"https:\/\/www.starsofthegalaxy.de\/\",\"name\":\"Stars of the Galaxy | Tritt ein in eine andere Welt\",\"description\":\"\",\"potentialAction\":[{\"@type\":\"SearchAction\",\"target\":{\"@type\":\"EntryPoint\",\"urlTemplate\":\"https:\/\/www.starsofthegalaxy.de\/?s={search_term_string}\"},\"query-input\":{\"@type\":\"PropertyValueSpecification\",\"valueRequired\":true,\"valueName\":\"search_term_string\"}}],\"inLanguage\":\"nl-NL\"}]}<\/script>\n<!-- \/ Yoast SEO plugin. -->","yoast_head_json":{"title":"Tentoonstelling - Sterren van de Melkweg | Stap in een andere wereld","robots":{"index":"index","follow":"follow","max-snippet":"max-snippet:-1","max-image-preview":"max-image-preview:large","max-video-preview":"max-video-preview:-1"},"canonical":"https:\/\/www.starsofthegalaxy.de\/nl\/ausstellung\/","og_locale":"nl_NL","og_type":"article","og_title":"Ausstellung - Stars of the Galaxy | Tritt ein in eine andere Welt","og_url":"https:\/\/www.starsofthegalaxy.de\/nl\/ausstellung\/","og_site_name":"Stars of the Galaxy | Tritt ein in eine andere Welt","article_modified_time":"2026-02-13T14:24:48+00:00","twitter_card":"summary_large_image","twitter_misc":{"Geschatte leestijd":"5 minuten"},"schema":{"@context":"https:\/\/schema.org","@graph":[{"@type":"WebPage","@id":"https:\/\/www.starsofthegalaxy.de\/ausstellung\/","url":"https:\/\/www.starsofthegalaxy.de\/ausstellung\/","name":"Tentoonstelling - Sterren van de Melkweg | Stap in een andere wereld","isPartOf":{"@id":"https:\/\/www.starsofthegalaxy.de\/#website"},"datePublished":"2017-06-11T21:32:34+00:00","dateModified":"2026-02-13T14:24:48+00:00","breadcrumb":{"@id":"https:\/\/www.starsofthegalaxy.de\/ausstellung\/#breadcrumb"},"inLanguage":"nl-NL","potentialAction":[{"@type":"ReadAction","target":["https:\/\/www.starsofthegalaxy.de\/ausstellung\/"]}]},{"@type":"BreadcrumbList","@id":"https:\/\/www.starsofthegalaxy.de\/ausstellung\/#breadcrumb","itemListElement":[{"@type":"ListItem","position":1,"name":"Startseite","item":"https:\/\/www.starsofthegalaxy.de\/"},{"@type":"ListItem","position":2,"name":"Ausstellung"}]},{"@type":"WebSite","@id":"https:\/\/www.starsofthegalaxy.de\/#website","url":"https:\/\/www.starsofthegalaxy.de\/","name":"Sterren van de Melkweg | Stap in een andere wereld","description":"","potentialAction":[{"@type":"SearchAction","target":{"@type":"EntryPoint","urlTemplate":"https:\/\/www.starsofthegalaxy.de\/?s={search_term_string}"},"query-input":{"@type":"PropertyValueSpecification","valueRequired":true,"valueName":"search_term_string"}}],"inLanguage":"nl-NL"}]}},"_links":{"self":[{"href":"https:\/\/www.starsofthegalaxy.de\/nl\/wp-json\/wp\/v2\/pages\/26"}],"collection":[{"href":"https:\/\/www.starsofthegalaxy.de\/nl\/wp-json\/wp\/v2\/pages"}],"about":[{"href":"https:\/\/www.starsofthegalaxy.de\/nl\/wp-json\/wp\/v2\/types\/page"}],"author":[{"embeddable":true,"href":"https:\/\/www.starsofthegalaxy.de\/nl\/wp-json\/wp\/v2\/users\/1"}],"replies":[{"embeddable":true,"href":"https:\/\/www.starsofthegalaxy.de\/nl\/wp-json\/wp\/v2\/comments?post=26"}],"version-history":[{"count":67,"href":"https:\/\/www.starsofthegalaxy.de\/nl\/wp-json\/wp\/v2\/pages\/26\/revisions"}],"predecessor-version":[{"id":950,"href":"https:\/\/www.starsofthegalaxy.de\/nl\/wp-json\/wp\/v2\/pages\/26\/revisions\/950"}],"wp:attachment":[{"href":"https:\/\/www.starsofthegalaxy.de\/nl\/wp-json\/wp\/v2\/media?parent=26"}],"curies":[{"name":"wp","href":"https:\/\/api.w.org\/{rel}","templated":true}]}}